{"id":173,"date":"2025-11-21T12:47:15","date_gmt":"2025-11-21T13:47:15","guid":{"rendered":"https:\/\/semperscout.eu\/?page_id=173"},"modified":"2026-04-07T13:54:20","modified_gmt":"2026-04-07T14:54:20","slug":"kaos-2","status":"publish","type":"page","link":"https:\/\/semperscout.eu\/","title":{"rendered":"gori\u0161ki odrasli skavti"},"content":{"rendered":"\n<div class=\"wp-block-columns is-layout-flex wp-container-core-columns-is-layout-9d6595d7 wp-block-columns-is-layout-flex\">\n<div class=\"wp-block-column is-layout-flow wp-block-column-is-layout-flow\" style=\"flex-basis:70%\">\n<p class=\"has-text-align-center\">Dobrodo\u0161li na spletni strani <em>gori\u0161kih odraslih skavtov<\/em><br>DOBER LOV! <br><strong>BODITE PRIPRAVLJENI! <\/strong><br><strong>SRE\u010cNO POT!<\/strong><\/p>\n\n\n\n<div class=\"wp-block-columns is-layout-flex wp-container-core-columns-is-layout-9d6595d7 wp-block-columns-is-layout-flex\">\n<div class=\"wp-block-column is-layout-flow wp-block-column-is-layout-flow\" style=\"flex-basis:33.33%\">\n<figure class=\"wp-block-image size-full\"><img loading=\"lazy\" decoding=\"async\" width=\"126\" height=\"182\" src=\"https:\/\/semperscout.eu\/wp-content\/uploads\/2026\/04\/GOSKA.jpg\" alt=\"\" class=\"wp-image-315\"\/><\/figure>\n<\/div>\n\n\n\n<div class=\"wp-block-column is-layout-flow wp-block-column-is-layout-flow\" style=\"flex-basis:66.66%\">\n<p>Leta 1964 je ob podpori  tr\u017ea\u0161kih skavtov v Katoli\u0161kem odmu v Gorici nastalo slovensko skavtsko gibanje in od takrat deluje neprekinjeno. Za\u010detna organizacija <strong>SGS<\/strong> se je leta 1976 zdru\u017eila z dekli\u0161ko vejo in s tr\u017ea\u0161kimi skavti in skavtinjami: nastala je <strong>Slovenska zamejska skavtska organizacija<\/strong>, na Gori\u0161kem <strong>SZSO-GO<\/strong>. V za\u010detku 90. let je vzporedno z gradnjo novega sede\u017ea (otvorjen leta 1992) nastal <strong>SSS<\/strong>, Sklad Semper scout. Leta 2022 so se biv\u0161i \u010dlani SGS in SZSO-GO povezali v Whatsapp skupino, iz katere je nekaj mesecev kasneje nastal <strong>KAOS<\/strong>. <\/p>\n<\/div>\n<\/div>\n\n\n\n<div class=\"wp-block-columns is-layout-flex wp-container-core-columns-is-layout-9d6595d7 wp-block-columns-is-layout-flex\">\n<div class=\"wp-block-column is-layout-flow wp-block-column-is-layout-flow\"><ul class=\"wp-block-latest-posts__list has-dates wp-block-latest-posts\"><\/ul>\n\n\n<p><em>oglej si <a href=\"https:\/\/semperscout.eu\/?page_id=185\" data-type=\"page\" data-id=\"185\">starej\u0161a poro\u010dila<\/a><\/em><\/p>\n<\/div>\n\n\n\n<div class=\"wp-block-column is-layout-flow wp-block-column-is-layout-flow\"><ul class=\"wp-block-latest-posts__list wp-block-latest-posts\"><\/ul><\/div>\n<\/div>\n<\/div>\n\n\n\n<div class=\"wp-block-column is-layout-flow wp-block-column-is-layout-flow\" style=\"flex-basis:30%\">\n<p>pregledni &#8211; &#8220;sitemap&#8221; menu<\/p>\n<\/div>\n<\/div>\n\n\n\n<p><\/p>\n\n\n\n<p><\/p>\n\n\n\n<p><\/p>\n","protected":false},"excerpt":{"rendered":"<p>Dobrodo\u0161li na spletni strani gori\u0161kih odraslih skavtovDOBER LOV! BODITE PRIPRAVLJENI! SRE\u010cNO POT! Leta 1964 je ob podpori tr\u017ea\u0161kih skavtov v Katoli\u0161kem odmu v Gorici nastalo slovensko skavtsko gibanje in od takrat deluje neprekinjeno. Za\u010detna organizacija SGS se je leta 1976 zdru\u017eila z dekli\u0161ko vejo in s tr\u017ea\u0161kimi skavti in skavtinjami: nastala je Slovenska zamejska skavtska &hellip; <a href=\"https:\/\/semperscout.eu\/\" class=\"more-link\">Preberi ve\u010d<span class=\"screen-reader-text\"> &#8220;gori\u0161ki odrasli skavti&#8221;<\/span><\/a><\/p>\n","protected":false},"author":4,"featured_media":0,"parent":0,"menu_order":0,"comment_status":"closed","ping_status":"closed","template":"","meta":{"footnotes":""},"class_list":["post-173","page","type-page","status-publish","hentry"],"jetpack_sharing_enabled":true,"_links":{"self":[{"href":"https:\/\/semperscout.eu\/index.php?rest_route=\/wp\/v2\/pages\/173","targetHints":{"allow":["GET"]}}],"collection":[{"href":"https:\/\/semperscout.eu\/index.php?rest_route=\/wp\/v2\/pages"}],"about":[{"href":"https:\/\/semperscout.eu\/index.php?rest_route=\/wp\/v2\/types\/page"}],"author":[{"embeddable":true,"href":"https:\/\/semperscout.eu\/index.php?rest_route=\/wp\/v2\/users\/4"}],"replies":[{"embeddable":true,"href":"https:\/\/semperscout.eu\/index.php?rest_route=%2Fwp%2Fv2%2Fcomments&post=173"}],"version-history":[{"count":15,"href":"https:\/\/semperscout.eu\/index.php?rest_route=\/wp\/v2\/pages\/173\/revisions"}],"predecessor-version":[{"id":316,"href":"https:\/\/semperscout.eu\/index.php?rest_route=\/wp\/v2\/pages\/173\/revisions\/316"}],"wp:attachment":[{"href":"https:\/\/semperscout.eu\/index.php?rest_route=%2Fwp%2Fv2%2Fmedia&parent=173"}],"curies":[{"name":"wp","href":"https:\/\/api.w.org\/{rel}","templated":true}]}}